{"id":164113,"date":"2024-02-19T16:50:24","date_gmt":"2024-02-19T19:50:24","guid":{"rendered":"https:\/\/colegioprevisional.cl\/clases\/?page_id=164113"},"modified":"2024-02-19T16:50:39","modified_gmt":"2024-02-19T19:50:39","slug":"descuento-caja-los-andes","status":"publish","type":"page","link":"https:\/\/colegioprevisional.cl\/clases\/descuento-caja-los-andes\/","title":{"rendered":"Descuento Caja Los Andes"},"content":{"rendered":"<p><strong>Administracion.cl y Caja Andes<\/strong>&nbsp;cuentan con un convenio especial de&nbsp;<strong>descuento de un 50%<\/strong>&nbsp;en todos nuestros programas de capacitaci\u00f3n para acceder al beneficio los afiliados deben usar le siguiente c\u00f3digo como cup\u00f3n de descuento<\/p>\n<p><strong>50%offandes<\/strong><\/p>\n<p>Para consultas sobre el convenio contacte contacto@colegioprevisional.cl<\/p>\n","protected":false},"excerpt":{"rendered":"<p>Administracion.cl y Caja Andes&nbsp;cuentan con un convenio especial de&nbsp;descuento de un 50%&nbsp;en todos nuestros programas de capacitaci\u00f3n para acceder al beneficio los afiliados deben usar le siguiente c\u00f3digo como cup\u00f3n de descuento 50%offandes Para consultas sobre el convenio contacte contacto@colegioprevisional.cl<\/p>\n","protected":false},"author":1,"featured_media":0,"parent":0,"menu_order":0,"comment_status":"closed","ping_status":"closed","template":"","meta":{"_bbp_topic_count":0,"_bbp_reply_count":0,"_bbp_total_topic_count":0,"_bbp_total_reply_count":0,"_bbp_voice_count":0,"_bbp_anonymous_reply_count":0,"_bbp_topic_count_hidden":0,"_bbp_reply_count_hidden":0,"_bbp_forum_subforum_count":0,"footnotes":""},"yoast_head":"<!-- This site is optimized with the Yoast SEO plugin v14.0.4 - https:\/\/yoast.com\/wordpress\/plugins\/seo\/ -->\n<meta name=\"description\" content=\"Descuento Caja Los Andes\" \/>\n<meta name=\"robots\" content=\"index, follow\" \/>\n<meta name=\"googlebot\" content=\"index, follow, max-snippet:-1, max-image-preview:large, max-video-preview:-1\" \/>\n<meta name=\"bingbot\" content=\"index, follow, max-snippet:-1, max-image-preview:large, max-video-preview:-1\" \/>\n<link rel=\"canonical\" href=\"https:\/\/colegioprevisional.cl\/clases\/descuento-caja-los-andes\/\" \/>\n<meta property=\"og:locale\" content=\"es_ES\" \/>\n<meta property=\"og:type\" content=\"article\" \/>\n<meta property=\"og:title\" content=\"Descuento Caja Los Andes | Colegio Previsional I Capacitaci\u00f3n\" \/>\n<meta property=\"og:description\" content=\"Descuento Caja Los Andes\" \/>\n<meta property=\"og:url\" content=\"https:\/\/colegioprevisional.cl\/clases\/descuento-caja-los-andes\/\" \/>\n<meta property=\"og:site_name\" content=\"Colegio Previsional I Capacitaci\u00f3n\" \/>\n<meta property=\"article:modified_time\" content=\"2024-02-19T19:50:39+00:00\" \/>\n<meta name=\"twitter:card\" content=\"summary_large_image\" \/>\n<script type=\"application\/ld+json\" class=\"yoast-schema-graph\">{\"@context\":\"https:\/\/schema.org\",\"@graph\":[{\"@type\":\"Organization\",\"@id\":\"https:\/\/colegioprevisional.cl\/clases\/#organization\",\"name\":\"Cursos de Administracion\",\"url\":\"https:\/\/colegioprevisional.cl\/clases\/\",\"sameAs\":[],\"logo\":{\"@type\":\"ImageObject\",\"@id\":\"https:\/\/colegioprevisional.cl\/clases\/#logo\",\"inLanguage\":\"es\",\"url\":\"https:\/\/colegioprevisional.cl\/clases\/wp-content\/uploads\/2014\/10\/administracion.png\",\"width\":280,\"height\":53,\"caption\":\"Cursos de Administracion\"},\"image\":{\"@id\":\"https:\/\/colegioprevisional.cl\/clases\/#logo\"}},{\"@type\":\"WebSite\",\"@id\":\"https:\/\/colegioprevisional.cl\/clases\/#website\",\"url\":\"https:\/\/colegioprevisional.cl\/clases\/\",\"name\":\"Colegio Previsional I Capacitaci\\u00f3n\",\"description\":\"Colegio Previsional I Capacitaci\\u00f3n\",\"publisher\":{\"@id\":\"https:\/\/colegioprevisional.cl\/clases\/#organization\"},\"potentialAction\":[{\"@type\":\"SearchAction\",\"target\":\"https:\/\/colegioprevisional.cl\/clases\/?s={search_term_string}\",\"query-input\":\"required name=search_term_string\"}],\"inLanguage\":\"es\"},{\"@type\":\"WebPage\",\"@id\":\"https:\/\/colegioprevisional.cl\/clases\/descuento-caja-los-andes\/#webpage\",\"url\":\"https:\/\/colegioprevisional.cl\/clases\/descuento-caja-los-andes\/\",\"name\":\"Descuento Caja Los Andes | Colegio Previsional I Capacitaci\\u00f3n\",\"isPartOf\":{\"@id\":\"https:\/\/colegioprevisional.cl\/clases\/#website\"},\"datePublished\":\"2024-02-19T19:50:24+00:00\",\"dateModified\":\"2024-02-19T19:50:39+00:00\",\"description\":\"Descuento Caja Los Andes\",\"inLanguage\":\"es\",\"potentialAction\":[{\"@type\":\"ReadAction\",\"target\":[\"https:\/\/colegioprevisional.cl\/clases\/descuento-caja-los-andes\/\"]}]}]}<\/script>\n<!-- \/ Yoast SEO plugin. -->","_links":{"self":[{"href":"https:\/\/colegioprevisional.cl\/clases\/wp-json\/wp\/v2\/pages\/164113"}],"collection":[{"href":"https:\/\/colegioprevisional.cl\/clases\/wp-json\/wp\/v2\/pages"}],"about":[{"href":"https:\/\/colegioprevisional.cl\/clases\/wp-json\/wp\/v2\/types\/page"}],"author":[{"embeddable":true,"href":"https:\/\/colegioprevisional.cl\/clases\/wp-json\/wp\/v2\/users\/1"}],"replies":[{"embeddable":true,"href":"https:\/\/colegioprevisional.cl\/clases\/wp-json\/wp\/v2\/comments?post=164113"}],"version-history":[{"count":2,"href":"https:\/\/colegioprevisional.cl\/clases\/wp-json\/wp\/v2\/pages\/164113\/revisions"}],"predecessor-version":[{"id":164115,"href":"https:\/\/colegioprevisional.cl\/clases\/wp-json\/wp\/v2\/pages\/164113\/revisions\/164115"}],"wp:attachment":[{"href":"https:\/\/colegioprevisional.cl\/clases\/wp-json\/wp\/v2\/media?parent=164113"}],"curies":[{"name":"wp","href":"https:\/\/api.w.org\/{rel}","templated":true}]}}