{"id":153957,"date":"2021-12-07T16:25:15","date_gmt":"2021-12-07T19:25:15","guid":{"rendered":"https:\/\/colegioprevisional.cl\/clases\/?post_type=product&#038;p=153957"},"modified":"2024-02-19T11:12:20","modified_gmt":"2024-02-19T14:12:20","slug":"curso-obligatorio-administracion-edificios-y-condominios","status":"publish","type":"product","link":"https:\/\/colegioprevisional.cl\/clases\/producto\/curso-obligatorio-administracion-edificios-y-condominios\/","title":{"rendered":"Curso Obligatorio Administraci\u00f3n Edificios y Condominios"},"content":{"rendered":"<p>Este es un curso realizado por profesionales con amplia experiencia como corredores de propiedades y administradores de edificios y condominios, de parte de ellos y sus colaboradores agradecemos la confianza depositada en nosotros al escoger este curso para seguir desarroll\u00e1ndote como profesional. Este curso est\u00e1 certificado por Anacopro AG la Asociaci\u00f3n Nacional de Corredores de Propiedades.<\/p>\n<p>Sabemos que al tomar este curso estas confi\u00e1ndonos tu tiempo, dedicaci\u00f3n y esfuerzo. Por lo que nos comprometemos a brindarte apoyo en lo que necesites para que desarrolles de forma \u00f3ptima la totalidad del curso y te conviertas en un administrador con mayores conocimientos y aptitudes. Estamos seguros que con perseverancia y dedicaci\u00f3n lograras los mejores resultados. Mucho \u00e9xito!<\/p>\n<p><strong>Objetivo del curso<\/strong><\/p>\n<p>Entregar a los participantes las herramientas necesarias y requeridas para desempe\u00f1arse de manera eficiente como administrador de edificios y condominios identificando los principales aspectos t\u00e9cnicos y legales relacionados a la administraci\u00f3n y mantenimiento de un inmueble, aplicando conocimientos pr\u00e1cticos y t\u00e9cnicos para el ejercicio de la actividad.<\/p>\n<p><a href=\"https:\/\/colegioprevisional.cl\/clases\/wp-content\/uploads\/2021\/12\/Curso-edificios-y-condominios-ColegioNUEVO.pdf\"><img loading=\"lazy\" decoding=\"async\" class=\"alignnone wp-image-3967 size-full\" src=\"https:\/\/www.colegioinmobiliario.cl\/wp-content\/uploads\/2019\/12\/home_app_download_appstore_CONTENIDOS2-1.png\" alt=\"\" width=\"198\" height=\"66\" \/><\/a><\/p>\n","protected":false},"excerpt":{"rendered":"<h4>Detalles:<\/h4>\n<ul>\n<li>Curso Administraci\u00f3n de Edificios y Condominios Online<\/li>\n<li>Horario: lunes a domingo, las 24 horas.<\/li>\n<li>Duraci\u00f3n del curso: cuentas con 3 meses para completar tu curso.<\/li>\n<li>95 horas de estudio.<\/li>\n<li>Tutor y Foro Online, evaluaci\u00f3n Online<\/li>\n<li>Diploma con 65% aprobaci\u00f3n de Examen<\/li>\n<\/ul>\n<h4><img loading=\"lazy\" decoding=\"async\" class=\"alignnone size-medium wp-image-3969\" src=\"https:\/\/www.colegioinmobiliario.cl\/wp-content\/uploads\/2019\/12\/webpay-footer-300x109-300x109-300x109.jpg\" alt=\"\" width=\"300\" height=\"109\" \/><\/h4>\n<p>&nbsp;<\/p>\n","protected":false},"featured_media":160153,"template":"","meta":{"_bbp_topic_count":0,"_bbp_reply_count":0,"_bbp_total_topic_count":0,"_bbp_total_reply_count":0,"_bbp_voice_count":0,"_bbp_anonymous_reply_count":0,"_bbp_topic_count_hidden":0,"_bbp_reply_count_hidden":0,"_bbp_forum_subforum_count":0},"yoast_head":"<!-- This site is optimized with the Yoast SEO plugin v14.0.4 - https:\/\/yoast.com\/wordpress\/plugins\/seo\/ -->\n<meta name=\"robots\" content=\"index, follow\" \/>\n<meta name=\"googlebot\" content=\"index, follow, max-snippet:-1, max-image-preview:large, max-video-preview:-1\" \/>\n<meta name=\"bingbot\" content=\"index, follow, max-snippet:-1, max-image-preview:large, max-video-preview:-1\" \/>\n<link rel=\"canonical\" href=\"https:\/\/colegioprevisional.cl\/clases\/producto\/curso-obligatorio-administracion-edificios-y-condominios\/\" \/>\n<meta property=\"og:locale\" content=\"es_ES\" \/>\n<meta property=\"og:type\" content=\"article\" \/>\n<meta property=\"og:title\" content=\"Curso Obligatorio Administraci\u00f3n Edificios y Condominios | Colegio Previsional I Capacitaci\u00f3n\" \/>\n<meta property=\"og:description\" content=\"Detalles:   Curso Administraci\u00f3n de Edificios y Condominios Online  Horario: lunes a domingo, las 24 horas.  Duraci\u00f3n del curso: cuentas con 3 meses para completar tu curso.  95 horas de estudio.  Tutor y Foro Online, evaluaci\u00f3n Online  Diploma con 65% aprobaci\u00f3n de Examen   &nbsp;\" \/>\n<meta property=\"og:url\" content=\"https:\/\/colegioprevisional.cl\/clases\/producto\/curso-obligatorio-administracion-edificios-y-condominios\/\" \/>\n<meta property=\"og:site_name\" content=\"Colegio Previsional I Capacitaci\u00f3n\" \/>\n<meta property=\"article:modified_time\" content=\"2024-02-19T14:12:20+00:00\" \/>\n<meta property=\"og:image\" content=\"https:\/\/colegioprevisional.cl\/clases\/wp-content\/uploads\/2021\/12\/ADMIN-1-407x389-1-1.png\" \/>\n\t<meta property=\"og:image:width\" content=\"407\" \/>\n\t<meta property=\"og:image:height\" content=\"389\" \/>\n<meta name=\"twitter:card\" content=\"summary_large_image\" \/>\n<script type=\"application\/ld+json\" class=\"yoast-schema-graph\">{\"@context\":\"https:\/\/schema.org\",\"@graph\":[{\"@type\":\"Organization\",\"@id\":\"https:\/\/colegioprevisional.cl\/clases\/#organization\",\"name\":\"Cursos de Administracion\",\"url\":\"https:\/\/colegioprevisional.cl\/clases\/\",\"sameAs\":[],\"logo\":{\"@type\":\"ImageObject\",\"@id\":\"https:\/\/colegioprevisional.cl\/clases\/#logo\",\"inLanguage\":\"es\",\"url\":\"https:\/\/colegioprevisional.cl\/clases\/wp-content\/uploads\/2014\/10\/administracion.png\",\"width\":280,\"height\":53,\"caption\":\"Cursos de Administracion\"},\"image\":{\"@id\":\"https:\/\/colegioprevisional.cl\/clases\/#logo\"}},{\"@type\":\"WebSite\",\"@id\":\"https:\/\/colegioprevisional.cl\/clases\/#website\",\"url\":\"https:\/\/colegioprevisional.cl\/clases\/\",\"name\":\"Colegio Previsional I Capacitaci\\u00f3n\",\"description\":\"Colegio Previsional I Capacitaci\\u00f3n\",\"publisher\":{\"@id\":\"https:\/\/colegioprevisional.cl\/clases\/#organization\"},\"potentialAction\":[{\"@type\":\"SearchAction\",\"target\":\"https:\/\/colegioprevisional.cl\/clases\/?s={search_term_string}\",\"query-input\":\"required name=search_term_string\"}],\"inLanguage\":\"es\"},{\"@type\":\"ImageObject\",\"@id\":\"https:\/\/colegioprevisional.cl\/clases\/producto\/curso-obligatorio-administracion-edificios-y-condominios\/#primaryimage\",\"inLanguage\":\"es\",\"url\":\"https:\/\/colegioprevisional.cl\/clases\/wp-content\/uploads\/2021\/12\/ADMIN-1-407x389-1-1.png\",\"width\":407,\"height\":389},{\"@type\":\"WebPage\",\"@id\":\"https:\/\/colegioprevisional.cl\/clases\/producto\/curso-obligatorio-administracion-edificios-y-condominios\/#webpage\",\"url\":\"https:\/\/colegioprevisional.cl\/clases\/producto\/curso-obligatorio-administracion-edificios-y-condominios\/\",\"name\":\"Curso Obligatorio Administraci\\u00f3n Edificios y Condominios | Colegio Previsional I Capacitaci\\u00f3n\",\"isPartOf\":{\"@id\":\"https:\/\/colegioprevisional.cl\/clases\/#website\"},\"primaryImageOfPage\":{\"@id\":\"https:\/\/colegioprevisional.cl\/clases\/producto\/curso-obligatorio-administracion-edificios-y-condominios\/#primaryimage\"},\"datePublished\":\"2021-12-07T19:25:15+00:00\",\"dateModified\":\"2024-02-19T14:12:20+00:00\",\"inLanguage\":\"es\",\"potentialAction\":[{\"@type\":\"ReadAction\",\"target\":[\"https:\/\/colegioprevisional.cl\/clases\/producto\/curso-obligatorio-administracion-edificios-y-condominios\/\"]}]}]}<\/script>\n<!-- \/ Yoast SEO plugin. -->","_links":{"self":[{"href":"https:\/\/colegioprevisional.cl\/clases\/wp-json\/wp\/v2\/product\/153957"}],"collection":[{"href":"https:\/\/colegioprevisional.cl\/clases\/wp-json\/wp\/v2\/product"}],"about":[{"href":"https:\/\/colegioprevisional.cl\/clases\/wp-json\/wp\/v2\/types\/product"}],"wp:featuredmedia":[{"embeddable":true,"href":"https:\/\/colegioprevisional.cl\/clases\/wp-json\/wp\/v2\/media\/160153"}],"wp:attachment":[{"href":"https:\/\/colegioprevisional.cl\/clases\/wp-json\/wp\/v2\/media?parent=153957"}],"curies":[{"name":"wp","href":"https:\/\/api.w.org\/{rel}","templated":true}]}}